{"id":2142,"date":"2024-06-10T10:08:17","date_gmt":"2024-06-10T13:08:17","guid":{"rendered":"https:\/\/pruebas.cbkexpat.com\/?page_id=2142"},"modified":"2024-09-02T12:21:09","modified_gmt":"2024-09-02T15:21:09","slug":"aviso-legal-nederlands","status":"publish","type":"page","link":"https:\/\/cbkexpat.com\/index.php\/aviso-legal-nederlands\/","title":{"rendered":"Aviso Legal-nederlands"},"content":{"rendered":"<p>[et_pb_section fb_built=\u00bb1&#8243; admin_label=\u00bbHero\u00bb _builder_version=\u00bb4.25.2&#8243; background_color=\u00bbrgba(6,2,25,0.47)\u00bb background_image=\u00bbhttps:\/\/cbkexpat.com\/wp-content\/uploads\/2024\/07\/privacidad.jpg\u00bb parallax=\u00bbon\u00bb height=\u00bb400px\u00bb height_tablet=\u00bb400px\u00bb height_phone=\u00bb400px\u00bb height_last_edited=\u00bbon|phone\u00bb custom_margin=\u00bb0px||0px||false|false\u00bb custom_padding=\u00bb0px|0px|0px|0px|false|false\u00bb bottom_divider_style=\u00bbasymmetric3&#8243; bottom_divider_color=\u00bb#ffffff\u00bb global_colors_info=\u00bb{}\u00bb][et_pb_row use_custom_gutter=\u00bbon\u00bb make_equal=\u00bbon\u00bb admin_label=\u00bbFila\u00bb _builder_version=\u00bb4.25.2&#8243; background_color=\u00bbrgba(10,10,10,0.4)\u00bb width=\u00bb100%\u00bb max_width=\u00bb100%\u00bb height=\u00bb100%\u00bb max_height=\u00bb100%\u00bb custom_margin=\u00bb0px||0px||false|false\u00bb custom_padding=\u00bb0px||0px||false|false\u00bb global_colors_info=\u00bb{}\u00bb][et_pb_column type=\u00bb4_4&#8243; _builder_version=\u00bb4.25.2&#8243; custom_padding=\u00bb|||0px|false|false\u00bb global_colors_info=\u00bb{}\u00bb custom_padding__hover=\u00bb|||\u00bb][et_pb_heading title=\u00bbWettelijke kennisgeving\u00bb _builder_version=\u00bb4.27.0&#8243; _module_preset=\u00bbdefault\u00bb title_text_align=\u00bbcenter\u00bb title_text_color=\u00bb#FFFFFF\u00bb title_font_size=\u00bb60px\u00bb custom_margin=\u00bb200px||||false|false\u00bb hover_enabled=\u00bb0&#8243; title_font_size_tablet=\u00bb60px\u00bb title_font_size_phone=\u00bb40px\u00bb title_font_size_last_edited=\u00bbon|phone\u00bb global_colors_info=\u00bb{}\u00bb sticky_enabled=\u00bb0&#8243;][\/et_pb_heading][\/et_pb_column][\/et_pb_row][\/et_pb_section][et_pb_section fb_built=\u00bb1&#8243; admin_label=\u00bbBundles\u00bb _builder_version=\u00bb4.25.2&#8243; background_color=\u00bbrgba(214,214,214,0.15)\u00bb custom_padding=\u00bb||4px|||\u00bb top_divider_style=\u00bbarrow3&#8243; top_divider_color=\u00bbrgba(70,183,156,0.39)\u00bb locked=\u00bboff\u00bb global_colors_info=\u00bb{}\u00bb][et_pb_row _builder_version=\u00bb4.25.2&#8243; _module_preset=\u00bbdefault\u00bb global_colors_info=\u00bb{}\u00bb][et_pb_column type=\u00bb4_4&#8243; _builder_version=\u00bb4.25.2&#8243; _module_preset=\u00bbdefault\u00bb global_colors_info=\u00bb{}\u00bb][et_pb_text _builder_version=\u00bb4.25.2&#8243; _module_preset=\u00bbdefault\u00bb text_font_size=\u00bb0.9vw\u00bb text_line_height=\u00bb0.9em\u00bb header_2_font_size=\u00bb2vw\u00bb header_3_font_size=\u00bb8vw\u00bb text_font_size_tablet=\u00bb5vw\u00bb text_font_size_phone=\u00bb8vw\u00bb text_font_size_last_edited=\u00bbon|tablet\u00bb header_2_font_size_tablet=\u00bb6vw\u00bb header_2_font_size_phone=\u00bb12vw\u00bb header_2_font_size_last_edited=\u00bbon|phone\u00bb global_colors_info=\u00bb{}\u00bb]<\/p>\n<header class=\"entry-header\">\n<header class=\"entry-header\">\n<h2>Wettelijke kennisgeving<\/h2>\n<\/header>\n<div class=\"entry-content\">\n<p class=\"has-small-font-size\">CENTRAL BROKER EXPAT, S.L utiliza cookies propias y de terceros para realizar an\u00e1lisis estad\u00edsticos, la autenticaci\u00f3n de la sesi\u00f3n de usuario, mostrarte contenido \u00fatil y mejorar y personalizar determinados servicios mediante el an\u00e1lisis de tus h\u00e1bitos de navegaci\u00f3n. Puedes configurar estas cookies, pudiendo en tal caso limitarse la navegaci\u00f3n y servicios del sitio web. Si aceptas las cookies est\u00e1s consintiendo la utilizaci\u00f3n de las cookies en este sitio web. Puedes aceptar todas las cookies pulsando el bot\u00f3n \u201cAceptar\u201d, o configurar o rechazar su uso clicando en Configuraci\u00f3n de cookies. Si deseas m\u00e1s informaci\u00f3n, puedes consultar nuestra Pol\u00edtica de Privacidad y Pol\u00edtica de Cookies*Debe existir un enlace en pol\u00edtica de cookies que nos abra la misma.<\/p>\n<p class=\"has-small-font-size\">El titular del dominio es<span>\u00a0<\/span><a>CENTRAL BROKER EXPAT, S.L<span>\u00a0<\/span><\/a>con CIF B01712272, AVDA ALBIR, NUM. 155 LOCAL 23 \u2013 C.C. MONVER 03581 ALF\u00c0S DEL PI (L\u2019) \u2013 (ALICANTE) Inscrita en el Registro Mercantil de Alicante, asiento 1194 diario 353 tomo 439, libro 1801, folio 201, Inscripci\u00f3n 1 Autorizaci\u00f3n A-170731<\/p>\n<p class=\"has-small-font-size\">Servicio Atenci\u00f3n al Cliente, seg\u00fan establece la ORDEN ECO\/734\/2004. Correo -e:<span>\u00a0<\/span><a href=\"mailto:consentimiento@coinbroker.es\">consentimiento@coinbroker.es<\/a>\u00a0\u00a0 y Tel\u00e9fono: +34 963 952 845 \/ +34 963 953 577<\/p>\n<p class=\"has-small-font-size\"><strong>Condiciones de uso del sitio web<\/strong><\/p>\n<p class=\"has-small-font-size\">El usuario se obliga a hacer un buen uso del sitio Web, entendi\u00e9ndose por buen uso el que sea conforme con la legislaci\u00f3n vigente, buena fe y orden p\u00fablico.<\/p>\n<p class=\"has-small-font-size\">A su vez, el usuario se compromete a no usar el sitio Web con fines fraudulentos, as\u00ed como a no realizar acto alguno con objeto de da\u00f1ar, inutilizar o sobrecargar el sitio Web, o que impidiera, de cualquier forma, la normal utilizaci\u00f3n y funcionamiento de este.<\/p>\n<p class=\"has-small-font-size\">El usuario queda informado de que, en el caso de incumplimiento de las Condiciones de Uso, de la Pol\u00edtica de Privacidad o de cualquier otros t\u00e9rminos o condiciones recogidos en el sitio Web, COINBROKER SL se reserva el derecho a limitar, suspender o bloquear su acceso al sitio Web, a trav\u00e9s de cualquier medida t\u00e9cnica que considere necesaria para conseguirlo.<\/p>\n<p class=\"has-small-font-size\"><strong>Copyright<\/strong><\/p>\n<p class=\"has-small-font-size\">Reservados todos los derechos. El dise\u00f1o del portal y sus c\u00f3digos fuente, as\u00ed como los logos, marcas y dem\u00e1s signos distintivos que aparecen en el mismo pertenecen a CENTRAL BROKER EXPAT, S.L y est\u00e1n protegidos por los correspondientes derechos de propiedad intelectual e industrial.<\/p>\n<p class=\"has-small-font-size\">Queda rigurosamente prohibida, sin la autorizaci\u00f3n escrita de los titulares del copyright, la reproducci\u00f3n distribuci\u00f3n, transformaci\u00f3n, manipulaci\u00f3n, comunicaci\u00f3n p\u00fablica o cualquier otro acto de explotaci\u00f3n total o parcial, gratuito u oneroso de los textos, im\u00e1genes o cualquier otro contenido que aparezca en el sitio web.<\/p>\n<p class=\"has-small-font-size\">CENTRAL BROKER EXPAT, S.L se reserva el derecho de efectuar, en cualquier momento y sin previo aviso, cuantas modificaciones, variaciones, supresiones o cancelaciones en los contenidos y en la forma de presentaci\u00f3n de estos consideren necesarias, ya sea de forma temporal o definitiva, debiendo asegurarse el usuario de utilizar en cada momento la versi\u00f3n actualizada. Esta facultad no otorga a los usuarios ning\u00fan derecho a percibir indemnizaci\u00f3n por da\u00f1os y perjuicios.<\/p>\n<p class=\"has-small-font-size\"><strong>Legislaci\u00f3n<\/strong><\/p>\n<p class=\"has-small-font-size\">Con car\u00e1cter general las relaciones entre CENTRAL BROKER EXPAT, S.L con los Usuarios de sus servicios telem\u00e1ticos, presentes en este sitio web, se encuentran sometidas a la legislaci\u00f3n y jurisdiccionales espa\u00f1olas.<\/p>\n<p class=\"has-small-font-size\"><strong>Hiperenlaces<\/strong><\/p>\n<p class=\"has-small-font-size\">Aquellas personas que se propongan establecer hiperenlaces entre su p\u00e1gina Web y la P\u00e1gina deber\u00e1n observar y cumplir las condiciones siguientes:<\/p>\n<p class=\"has-small-font-size\">No ser\u00e1 necesaria autorizaci\u00f3n previa cuando el Hiperenlace permita \u00fanicamente el acceso a la p\u00e1gina de inicio, pero no podr\u00e1 reproducirla de ninguna forma. Cualquier otra forma de Hiperenlace requerir\u00e1 la autorizaci\u00f3n expresa e inequ\u00edvoca por escrito por parte de CENTRAL BROKER EXPAT, S.L<\/p>\n<p class=\"has-small-font-size\">No se crear\u00e1n \u201cmarcos\u201d (\u201cframes\u201d) con las p\u00e1ginas Web ni sobre las p\u00e1ginas Web de CENTRAL BROKER EXPAT, S.L<\/p>\n<p class=\"has-small-font-size\">No se realizar\u00e1n manifestaciones o indicaciones falsas, inexactas, u ofensivas sobre CENTRAL BROKER EXPAT, S.L sus directivos, sus empleados o colaboradores, o de las personas que se relacionen en la P\u00e1gina por cualquier motivo, o de los Usuarios de las P\u00e1gina, o de los Contenidos suministrados.<\/p>\n<p class=\"has-small-font-size\">No se declarar\u00e1 ni se dar\u00e1 a entender que CENTRAL BROKER EXPAT, S.L ha autorizado el Hiperenlace o que ha supervisado o asumido de cualquier forma los Contenidos ofrecidos o puestos a disposici\u00f3n de la p\u00e1gina Web en la que se establece el Hiperenlace.<\/p>\n<p class=\"has-small-font-size\">La p\u00e1gina Web en la que se establezca el Hiperenlace solo podr\u00e1 contener lo estrictamente necesario para identificar el destino del Hiperenlace.<\/p>\n<p class=\"has-small-font-size\">La p\u00e1gina Web en la que se establezca el Hiperenlace no contendr\u00e1 informaciones o contenidos il\u00edcitos, contrarios a la moral y a las buenas costumbres generalmente aceptadas y al orden p\u00fablico, as\u00ed como tampoco contendr\u00e1 contenidos contrarios a cualesquiera derechos de terceros.<\/p>\n<\/div>\n<\/header>\n<header class=\"entry-header\"><\/header>\n<p>[\/et_pb_text][\/et_pb_column][\/et_pb_row][\/et_pb_section]<\/p>\n","protected":false},"excerpt":{"rendered":"<p>Wettelijke kennisgeving CENTRAL BROKER EXPAT, S.L utiliza cookies propias y de terceros para realizar an\u00e1lisis estad\u00edsticos, la autenticaci\u00f3n de la sesi\u00f3n de usuario, mostrarte contenido \u00fatil y mejorar y personalizar determinados servicios mediante el an\u00e1lisis de tus h\u00e1bitos de navegaci\u00f3n. Puedes configurar estas cookies, pudiendo en tal caso limitarse la navegaci\u00f3n y servicios del sitio [&hellip;]<\/p>\n","protected":false},"author":1,"featured_media":0,"parent":0,"menu_order":0,"comment_status":"closed","ping_status":"closed","template":"","meta":{"_et_pb_use_builder":"on","_et_pb_old_content":"<!-- wp:heading -->\r\n<h2 class=\"wp-block-heading\">Qui\u00e9nes somos<\/h2>\r\n<!-- \/wp:heading -->\r\n<!-- wp:paragraph -->\r\n<p><strong class=\"privacy-policy-tutorial\">Texto sugerido: <\/strong>La direcci\u00f3n de nuestra web es: https:\/\/cbkexpat.com.<\/p>\r\n<!-- \/wp:paragraph -->\r\n<!-- wp:heading -->\r\n<h2 class=\"wp-block-heading\">Comentarios<\/h2>\r\n<!-- \/wp:heading -->\r\n<!-- wp:paragraph -->\r\n<p><strong class=\"privacy-policy-tutorial\">Texto sugerido: <\/strong>Cuando los visitantes dejan comentarios en la web, recopilamos los datos que se muestran en el formulario de comentarios, as\u00ed como la direcci\u00f3n IP del visitante y la cadena de agentes de usuario del navegador, para ayudar a la detecci\u00f3n de spam.<\/p>\r\n<!-- \/wp:paragraph -->\r\n<!-- wp:paragraph -->\r\n<p>Una cadena an\u00f3nima creada a partir de tu direcci\u00f3n de correo electr\u00f3nico (tambi\u00e9n llamada hash) puede ser proporcionada al servicio de Gravatar para ver si la est\u00e1s usando. La pol\u00edtica de privacidad del servicio Gravatar est\u00e1 disponible en https:\/\/automattic.com\/privacy\/. Despu\u00e9s de la aprobaci\u00f3n de tu comentario, la imagen de tu perfil ser\u00e1 visible para el p\u00fablico en el contexto de su comentario.<\/p>\r\n<!-- \/wp:paragraph -->\r\n<!-- wp:heading -->\r\n<h2 class=\"wp-block-heading\">Multimedia<\/h2>\r\n<!-- \/wp:heading -->\r\n<!-- wp:paragraph -->\r\n<p><strong class=\"privacy-policy-tutorial\">Texto sugerido: <\/strong>Si sub\u00eds im\u00e1genes a la web deber\u00edas evitar subir im\u00e1genes con datos de ubicaci\u00f3n (GPS EXIF) incluidos. Los visitantes de la web pueden descargar y extraer cualquier dato de localizaci\u00f3n de las im\u00e1genes de la web.<\/p>\r\n<!-- \/wp:paragraph -->\r\n<!-- wp:heading -->\r\n<h2 class=\"wp-block-heading\">Cookies<\/h2>\r\n<!-- \/wp:heading -->\r\n<!-- wp:paragraph -->\r\n<p><strong class=\"privacy-policy-tutorial\">Texto sugerido: <\/strong>Si dej\u00e1s un comentario en nuestro sitio, pod\u00e9s optar por guardar tu nombre, direcci\u00f3n de correo electr\u00f3nico y sitio web en las cookies. Estos son para tu conveniencia para que no tengas que volver a ingresar tus datos cuando dej\u00e9s otro comentario. Estas cookies durar\u00e1n un a\u00f1o.<\/p>\r\n<!-- \/wp:paragraph -->\r\n<!-- wp:paragraph -->\r\n<p>Si ten\u00e9s una cuenta e inici\u00e1s sesi\u00f3n en este sitio, estableceremos una cookie temporal para determinar si tu navegador acepta cookies. Esta cookie no contiene datos personales y es descartada al cerrar el navegador.<\/p>\r\n<!-- \/wp:paragraph -->\r\n<!-- wp:paragraph -->\r\n<p>Cuando inici\u00e1s sesi\u00f3n, tambi\u00e9n configuraremos varias cookies para guardar tu informaci\u00f3n de inicio de sesi\u00f3n y tus opciones de visualizaci\u00f3n en pantalla. Las cookies de inicio de sesi\u00f3n duran dos d\u00edas y las cookies de opciones de pantalla duran un a\u00f1o. Si seleccion\u00e1s &quot;Recordarme&quot;, tu inicio de sesi\u00f3n se mantendr\u00e1 durante dos semanas. Si cerr\u00e1s la sesi\u00f3n, se eliminar\u00e1n las cookies de inicio de sesi\u00f3n.<\/p>\r\n<!-- \/wp:paragraph -->\r\n<!-- wp:paragraph -->\r\n<p>Si edit\u00e1s o public\u00e1s un art\u00edculo, se guardar\u00e1 una cookie adicional en tu navegador. Esta cookie no incluye datos personales y simplemente indica el ID de publicaci\u00f3n del art\u00edculo que acab\u00e1s de editar. Caduca despu\u00e9s de 1 d\u00eda.<\/p>\r\n<!-- \/wp:paragraph -->\r\n<!-- wp:heading -->\r\n<h2 class=\"wp-block-heading\">Contenido embebido desde otros sitios web<\/h2>\r\n<!-- \/wp:heading -->\r\n<!-- wp:paragraph -->\r\n<p><strong class=\"privacy-policy-tutorial\">Texto sugerido: <\/strong>Los art\u00edculos en este sitio pueden incluir contenido incrustado (por ejemplo, videos, im\u00e1genes, art\u00edculos, etc.). El contenido incrustado de otros sitios web se comporta de la misma manera que si el visitante hubiera visitado el otro sitio web.<\/p>\r\n<!-- \/wp:paragraph -->\r\n<!-- wp:paragraph -->\r\n<p>Estos sitios web pueden recopilar tus datos, utilizar cookies, incrustar un sistema de seguimiento de terceros y supervisar su interacci\u00f3n con ese contenido incrustado, incluyendo el rastreo de tu interacci\u00f3n con el contenido incrustado si ten\u00e9s una cuenta y est\u00e1s conectado a ese sitio web.<\/p>\r\n<!-- \/wp:paragraph -->\r\n<!-- wp:heading -->\r\n<h2 class=\"wp-block-heading\">Con qui\u00e9n compartimos datos<\/h2>\r\n<!-- \/wp:heading -->\r\n<!-- wp:paragraph -->\r\n<p><strong class=\"privacy-policy-tutorial\">Texto sugerido: <\/strong>Si solicit\u00e1s un restablecimiento de contrase\u00f1a, tu direcci\u00f3n IP ser\u00e1 incluida en el correo electr\u00f3nico de restablecimiento.<\/p>\r\n<!-- \/wp:paragraph -->\r\n<!-- wp:heading -->\r\n<h2 class=\"wp-block-heading\">Cu\u00e1nto tiempo guardamos tus datos<\/h2>\r\n<!-- \/wp:heading -->\r\n<!-- wp:paragraph -->\r\n<p><strong class=\"privacy-policy-tutorial\">Texto sugerido: <\/strong>Si dej\u00e1s un comentario, el comentario y sus metadatos se conservan indefinidamente. Esto es para que podamos reconocer y aprobar cualquier comentario de seguimiento de forma autom\u00e1tica en lugar de mantenerlos en una cola de moderaci\u00f3n.<\/p>\r\n<!-- \/wp:paragraph -->\r\n<!-- wp:paragraph -->\r\n<p>Para los usuarios que se registran en nuestro sitio web (si corresponde), tambi\u00e9n almacenamos la informaci\u00f3n personal que proporcionan en su perfil de usuario. Todos los usuarios pueden ver, editar o eliminar su informaci\u00f3n personal en cualquier momento (excepto que no pueden cambiar su nombre de usuario). Los administradores del sitio web tambi\u00e9n pueden ver y editar esa informaci\u00f3n.<\/p>\r\n<!-- \/wp:paragraph -->\r\n<!-- wp:heading -->\r\n<h2 class=\"wp-block-heading\">Qu\u00e9 derechos ten\u00e9s sobre tus datos<\/h2>\r\n<!-- \/wp:heading -->\r\n<!-- wp:paragraph -->\r\n<p><strong class=\"privacy-policy-tutorial\">Texto sugerido: <\/strong>Si ten\u00e9s una cuenta en este sitio o has dejado comentarios, pod\u00e9s solicitar un archivo exportado de los datos personales tuyos que tenemos, incluidos los datos que nos hayas proporcionado. Tambi\u00e9n pod\u00e9s solicitar que borremos cualquier dato personal tuyo que tengamos. Esto no incluye datos que estamos obligados a mantener para fines administrativos, legales o de seguridad.<\/p>\r\n<!-- \/wp:paragraph -->\r\n<!-- wp:heading -->\r\n<h2 class=\"wp-block-heading\">D\u00f3nde se env\u00edan tus datos<\/h2>\r\n<!-- \/wp:heading -->\r\n<!-- wp:paragraph -->\r\n<p><strong class=\"privacy-policy-tutorial\">Texto sugerido: <\/strong>Los comentarios de los visitantes se pueden verificar a trav\u00e9s de un servicio autom\u00e1tico de detecci\u00f3n de spam.<\/p>\r\n<!-- \/wp:paragraph -->\r\n","_et_gb_content_width":"","footnotes":""},"class_list":["post-2142","page","type-page","status-publish","hentry"],"_links":{"self":[{"href":"https:\/\/cbkexpat.com\/index.php\/wp-json\/wp\/v2\/pages\/2142","targetHints":{"allow":["GET"]}}],"collection":[{"href":"https:\/\/cbkexpat.com\/index.php\/wp-json\/wp\/v2\/pages"}],"about":[{"href":"https:\/\/cbkexpat.com\/index.php\/wp-json\/wp\/v2\/types\/page"}],"author":[{"embeddable":true,"href":"https:\/\/cbkexpat.com\/index.php\/wp-json\/wp\/v2\/users\/1"}],"replies":[{"embeddable":true,"href":"https:\/\/cbkexpat.com\/index.php\/wp-json\/wp\/v2\/comments?post=2142"}],"version-history":[{"count":5,"href":"https:\/\/cbkexpat.com\/index.php\/wp-json\/wp\/v2\/pages\/2142\/revisions"}],"predecessor-version":[{"id":2263,"href":"https:\/\/cbkexpat.com\/index.php\/wp-json\/wp\/v2\/pages\/2142\/revisions\/2263"}],"wp:attachment":[{"href":"https:\/\/cbkexpat.com\/index.php\/wp-json\/wp\/v2\/media?parent=2142"}],"curies":[{"name":"wp","href":"https:\/\/api.w.org\/{rel}","templated":true}]}}