{"id":2278,"date":"2024-06-10T10:08:17","date_gmt":"2024-06-10T13:08:17","guid":{"rendered":"https:\/\/cbkexpat.com\/?page_id=2278"},"modified":"2024-09-02T12:58:29","modified_gmt":"2024-09-02T15:58:29","slug":"cookies-beleid-norsk","status":"publish","type":"page","link":"https:\/\/cbkexpat.com\/index.php\/nb\/cookies-beleid-norsk\/","title":{"rendered":"Cookies beleid-norsk"},"content":{"rendered":"<p>[et_pb_section fb_built=\u00bb1&#8243; admin_label=\u00bbHero\u00bb _builder_version=\u00bb4.25.2&#8243; background_color=\u00bbrgba(6,2,25,0.47)\u00bb background_image=\u00bbhttps:\/\/cbkexpat.com\/wp-content\/uploads\/2024\/07\/privacidad.jpg\u00bb parallax=\u00bbon\u00bb height=\u00bb400px\u00bb height_tablet=\u00bb400px\u00bb height_phone=\u00bb400px\u00bb height_last_edited=\u00bbon|phone\u00bb custom_margin=\u00bb0px||0px||false|false\u00bb custom_padding=\u00bb0px|0px|0px|0px|false|false\u00bb bottom_divider_style=\u00bbasymmetric3&#8243; bottom_divider_color=\u00bb#ffffff\u00bb global_colors_info=\u00bb{}\u00bb][et_pb_row use_custom_gutter=\u00bbon\u00bb make_equal=\u00bbon\u00bb admin_label=\u00bbFila\u00bb _builder_version=\u00bb4.25.2&#8243; background_color=\u00bbrgba(10,10,10,0.4)\u00bb width=\u00bb100%\u00bb max_width=\u00bb100%\u00bb height=\u00bb100%\u00bb max_height=\u00bb100%\u00bb custom_margin=\u00bb0px||0px||false|false\u00bb custom_padding=\u00bb0px||0px||false|false\u00bb global_colors_info=\u00bb{}\u00bb][et_pb_column type=\u00bb4_4&#8243; _builder_version=\u00bb4.25.2&#8243; custom_padding=\u00bb|||0px|false|false\u00bb global_colors_info=\u00bb{}\u00bb custom_padding__hover=\u00bb|||\u00bb][et_pb_heading title=\u00bbCookies Beleid\u00bb _builder_version=\u00bb4.25.2&#8243; _module_preset=\u00bbdefault\u00bb title_text_align=\u00bbcenter\u00bb title_text_color=\u00bb#FFFFFF\u00bb title_font_size=\u00bb60px\u00bb custom_margin=\u00bb200px||||false|false\u00bb title_font_size_tablet=\u00bb60px\u00bb title_font_size_phone=\u00bb40px\u00bb title_font_size_last_edited=\u00bbon|phone\u00bb global_colors_info=\u00bb{}\u00bb][\/et_pb_heading][\/et_pb_column][\/et_pb_row][\/et_pb_section][et_pb_section fb_built=\u00bb1&#8243; admin_label=\u00bbBundles\u00bb _builder_version=\u00bb4.25.2&#8243; background_color=\u00bbrgba(214,214,214,0.15)\u00bb custom_padding=\u00bb||4px|||\u00bb top_divider_style=\u00bbarrow3&#8243; top_divider_color=\u00bbrgba(70,183,156,0.39)\u00bb locked=\u00bboff\u00bb global_colors_info=\u00bb{}\u00bb][et_pb_row _builder_version=\u00bb4.25.2&#8243; _module_preset=\u00bbdefault\u00bb global_colors_info=\u00bb{}\u00bb][et_pb_column type=\u00bb4_4&#8243; _builder_version=\u00bb4.25.2&#8243; _module_preset=\u00bbdefault\u00bb global_colors_info=\u00bb{}\u00bb][et_pb_text _builder_version=\u00bb4.25.2&#8243; _module_preset=\u00bbdefault\u00bb text_font_size=\u00bb0.9vw\u00bb text_line_height=\u00bb1.6em\u00bb header_2_font_size=\u00bb2vw\u00bb header_3_font_size=\u00bb8vw\u00bb text_font_size_tablet=\u00bb2.4vw\u00bb text_font_size_phone=\u00bb4.4vw\u00bb text_font_size_last_edited=\u00bbon|desktop\u00bb header_2_font_size_tablet=\u00bb6vw\u00bb header_2_font_size_phone=\u00bb12vw\u00bb header_2_font_size_last_edited=\u00bbon|phone\u00bb global_colors_info=\u00bb{}\u00bb]<\/p>\n<header class=\"entry-header\">\n<header class=\"entry-header\">\n<h2>Cookies beleid<\/h2>\n<\/header>\n<div class=\"entry-content\">\n<p class=\"has-small-font-size\">COINBROKER utiliza cookies propias y de terceros para la autenticaci\u00f3n de su sesi\u00f3n de usuario, realizar an\u00e1lisis estad\u00edsticos, mostrarle contenido \u00fatil, y mejorar y personalizar determinados servicios mediante el an\u00e1lisis de sus h\u00e1bitos de navegaci\u00f3n.<\/p>\n<p class=\"has-small-font-size\">Lee atentamente esta Pol\u00edtica de Cookies para informarse sobre el uso responsable que COINBROKER hace de ellas y sobre las opciones que tiene para configurar tu navegador y gestionarlas.<\/p>\n<p class=\"has-small-font-size\">\u00bfQu\u00e9 son las cookies?<\/p>\n<p class=\"has-small-font-size\">Las cookies son peque\u00f1os ficheros de datos que se generan en el ordenador del usuario y que nos permiten conocer su frecuencia de visitas, los contenidos m\u00e1s seleccionados y los elementos de seguridad que pueden intervenir en el control de acceso a \u00e1reas restringidas, as\u00ed como la visualizaci\u00f3n de publicidad en funci\u00f3n de criterios predefinidos por COINBROKER y que se activan por cookies servidas por dicha entidad o por terceros que prestan estos servicios por cuenta de COINBROKER<\/p>\n<p class=\"has-small-font-size\">Por regla general, existen los siguientes tipos de cookies:<\/p>\n<p class=\"has-small-font-size\">En funci\u00f3n de su caducidad:<\/p>\n<p class=\"has-small-font-size\">Sesi\u00f3n: Caducan al finalizar la sesi\u00f3n.<\/p>\n<p class=\"has-small-font-size\">Persistencia: No caducan al finalizar la sesi\u00f3n.<\/p>\n<p class=\"has-small-font-size\">En funci\u00f3n de su procedencia:<\/p>\n<p class=\"has-small-font-size\">Origen: Habilitadas por el sitio web por el que navega.<\/p>\n<p class=\"has-small-font-size\">Terceros. Proceden de otros sitios web.<\/p>\n<p class=\"has-small-font-size\">En funci\u00f3n de su finalidad:<\/p>\n<p class=\"has-small-font-size\">T\u00e9cnicas: permiten la navegaci\u00f3n y utilizaci\u00f3n de diferentes servicios.<\/p>\n<p class=\"has-small-font-size\">Personalizaci\u00f3n: permiten acceder al servicio con caracter\u00edsticas predefinidas.<\/p>\n<p class=\"has-small-font-size\">An\u00e1lisis: permiten el seguimiento y an\u00e1lisis del comportamiento de los usuarios.<\/p>\n<p class=\"has-small-font-size\">Publicitarias: permiten la gesti\u00f3n de espacios publicitarios.<\/p>\n<p class=\"has-small-font-size\">Publicidad comportamental: permiten la gesti\u00f3n de espacios publicitarios. Almacenan informaci\u00f3n del comportamiento de los usuarios.<\/p>\n<p class=\"has-small-font-size\">\u00bfQu\u00e9 tipo de cookies utilizamos y con qu\u00e9 finalidades?<\/p>\n<p class=\"has-small-font-size\">En este sitio web, se utilizan los siguientes tipos de cookies, con las siguientes finalidades:<\/p>\n<p class=\"has-small-font-size\">1. Cookies estrictamente necesarias:<\/p>\n<p class=\"has-small-font-size\">Estas cookies son necesarias para que el sitio web funcione y no se pueden desactivar en nuestros sistemas. Por lo general, solo se configuran en respuesta a sus acciones realizadas al solicitar servicios, como establecer sus preferencias de privacidad, iniciar sesi\u00f3n o completar formularios. Puede configurar su navegador para bloquear o alertar sobre estas cookies, pero algunas \u00e1reas del sitio no funcionar\u00e1n. Estas cookies no almacenan ninguna informaci\u00f3n de identificaci\u00f3n personal.<\/p>\n<p class=\"has-small-font-size\">2.Cookies funcionales:<\/p>\n<p class=\"has-small-font-size\">Estas cookies permiten mejorar la funcionalidad, como v\u00eddeos y chats en l\u00ednea. Es posible que las establezcamos nosotros o proveedores externos cuyos servicios est\u00e1n integrados en nuestras p\u00e1ginas. Si no permites estas cookies, es posible que algunas o todas estas prestaciones no funcionen correctamente. Un ejemplo ser\u00edan las cookies de reproductores multimedia, que se utilizan para almacenar datos t\u00e9cnicos con vistas a reproducir contenidos de video o de audio.<\/p>\n<p class=\"has-small-font-size\">3. Cookies anal\u00edticas:<\/p>\n<p class=\"has-small-font-size\">Se utilizan para recabar estad\u00edsticas de actividad del usuario. Entre otros, se analizan el n\u00famero de usuarios que visitan el sitio web, el n\u00famero de p\u00e1ginas visitadas, as\u00ed como la actividad de los usuarios en el sitio web y su frecuencia de utilizaci\u00f3n. La informaci\u00f3n recopilada siempre es an\u00f3nima de tal forma que no se podr\u00e1 establecer un v\u00ednculo entre \u00e9sta y la persona f\u00edsica a qui\u00e9n se refiere.<\/p>\n<p class=\"has-small-font-size\">4. Cookies de marketing:<\/p>\n<p class=\"has-small-font-size\">Estas cookies posibilitan la personalizaci\u00f3n y adecuaci\u00f3n de las comunicaciones publicitarias que se muestran, de acuerdo con tus preferencias. Adem\u00e1s, permiten personalizar algunas de las opciones generales de la p\u00e1gina web, gracias a los datos de navegaci\u00f3n. Tambi\u00e9n se usa para integrar las redes sociales en nuestro site y que el usuario tenga la posibilidad de compartir en redes sociales los contenidos de inter\u00e9s.<\/p>\n<p class=\"has-small-font-size\">Dispone de m\u00e1s informaci\u00f3n en<span>\u00a0<\/span><a href=\"https:\/\/cookiepedia.co.uk\/giving-consent-to-cookies\">https:\/\/cookiepedia.co.uk\/giving-consent-to-cookies<\/a><\/p>\n<p class=\"has-small-font-size\">\u00bfQui\u00e9n accede a la informaci\u00f3n de las cookies?<\/p>\n<p class=\"has-small-font-size\">La informaci\u00f3n almacenada en las cookies propias es utilizada exclusivamente por COINBROKER<\/p>\n<p class=\"has-small-font-size\">\u00bfPueden desactivarse las cookies?<\/p>\n<p class=\"has-small-font-size\">Salvo en el caso de las cookies anal\u00edticas, el uso de cookies tiene un efecto sobre la privacidad de los usuarios dado que, por regla general, permite relacionar su contenido con la direcci\u00f3n IP de conexi\u00f3n y con otros datos de car\u00e1cter personal del usuario, como los aportados voluntariamente.<\/p>\n<p class=\"has-small-font-size\">Respetamos su privacidad por lo que puede optar por no permitir la instalaci\u00f3n de algunos tipos de cookies f\u00e1cilmente y en cualquier momento en nuestro Configurador de cookies:<\/p>\n<\/div>\n<\/header>\n<header class=\"entry-header\"><\/header>\n<p>[\/et_pb_text][\/et_pb_column][\/et_pb_row][\/et_pb_section]<\/p>\n","protected":false},"excerpt":{"rendered":"<p>Cookies beleid COINBROKER utiliza cookies propias y de terceros para la autenticaci\u00f3n de su sesi\u00f3n de usuario, realizar an\u00e1lisis estad\u00edsticos, mostrarle contenido \u00fatil, y mejorar y personalizar determinados servicios mediante el an\u00e1lisis de sus h\u00e1bitos de navegaci\u00f3n. Lee atentamente esta Pol\u00edtica de Cookies para informarse sobre el uso responsable que COINBROKER hace de ellas y [&hellip;]<\/p>\n","protected":false},"author":1,"featured_media":0,"parent":0,"menu_order":0,"comment_status":"closed","ping_status":"closed","template":"","meta":{"_et_pb_use_builder":"on","_et_pb_old_content":"<!-- wp:heading -->\r\n<h2 class=\"wp-block-heading\">Qui\u00e9nes somos<\/h2>\r\n<!-- \/wp:heading -->\r\n<!-- wp:paragraph -->\r\n<p><strong class=\"privacy-policy-tutorial\">Texto sugerido: <\/strong>La direcci\u00f3n de nuestra web es: https:\/\/cbkexpat.com.<\/p>\r\n<!-- \/wp:paragraph -->\r\n<!-- wp:heading -->\r\n<h2 class=\"wp-block-heading\">Comentarios<\/h2>\r\n<!-- \/wp:heading -->\r\n<!-- wp:paragraph -->\r\n<p><strong class=\"privacy-policy-tutorial\">Texto sugerido: <\/strong>Cuando los visitantes dejan comentarios en la web, recopilamos los datos que se muestran en el formulario de comentarios, as\u00ed como la direcci\u00f3n IP del visitante y la cadena de agentes de usuario del navegador, para ayudar a la detecci\u00f3n de spam.<\/p>\r\n<!-- \/wp:paragraph -->\r\n<!-- wp:paragraph -->\r\n<p>Una cadena an\u00f3nima creada a partir de tu direcci\u00f3n de correo electr\u00f3nico (tambi\u00e9n llamada hash) puede ser proporcionada al servicio de Gravatar para ver si la est\u00e1s usando. La pol\u00edtica de privacidad del servicio Gravatar est\u00e1 disponible en https:\/\/automattic.com\/privacy\/. Despu\u00e9s de la aprobaci\u00f3n de tu comentario, la imagen de tu perfil ser\u00e1 visible para el p\u00fablico en el contexto de su comentario.<\/p>\r\n<!-- \/wp:paragraph -->\r\n<!-- wp:heading -->\r\n<h2 class=\"wp-block-heading\">Multimedia<\/h2>\r\n<!-- \/wp:heading -->\r\n<!-- wp:paragraph -->\r\n<p><strong class=\"privacy-policy-tutorial\">Texto sugerido: <\/strong>Si sub\u00eds im\u00e1genes a la web deber\u00edas evitar subir im\u00e1genes con datos de ubicaci\u00f3n (GPS EXIF) incluidos. Los visitantes de la web pueden descargar y extraer cualquier dato de localizaci\u00f3n de las im\u00e1genes de la web.<\/p>\r\n<!-- \/wp:paragraph -->\r\n<!-- wp:heading -->\r\n<h2 class=\"wp-block-heading\">Cookies<\/h2>\r\n<!-- \/wp:heading -->\r\n<!-- wp:paragraph -->\r\n<p><strong class=\"privacy-policy-tutorial\">Texto sugerido: <\/strong>Si dej\u00e1s un comentario en nuestro sitio, pod\u00e9s optar por guardar tu nombre, direcci\u00f3n de correo electr\u00f3nico y sitio web en las cookies. Estos son para tu conveniencia para que no tengas que volver a ingresar tus datos cuando dej\u00e9s otro comentario. Estas cookies durar\u00e1n un a\u00f1o.<\/p>\r\n<!-- \/wp:paragraph -->\r\n<!-- wp:paragraph -->\r\n<p>Si ten\u00e9s una cuenta e inici\u00e1s sesi\u00f3n en este sitio, estableceremos una cookie temporal para determinar si tu navegador acepta cookies. Esta cookie no contiene datos personales y es descartada al cerrar el navegador.<\/p>\r\n<!-- \/wp:paragraph -->\r\n<!-- wp:paragraph -->\r\n<p>Cuando inici\u00e1s sesi\u00f3n, tambi\u00e9n configuraremos varias cookies para guardar tu informaci\u00f3n de inicio de sesi\u00f3n y tus opciones de visualizaci\u00f3n en pantalla. Las cookies de inicio de sesi\u00f3n duran dos d\u00edas y las cookies de opciones de pantalla duran un a\u00f1o. Si seleccion\u00e1s &quot;Recordarme&quot;, tu inicio de sesi\u00f3n se mantendr\u00e1 durante dos semanas. Si cerr\u00e1s la sesi\u00f3n, se eliminar\u00e1n las cookies de inicio de sesi\u00f3n.<\/p>\r\n<!-- \/wp:paragraph -->\r\n<!-- wp:paragraph -->\r\n<p>Si edit\u00e1s o public\u00e1s un art\u00edculo, se guardar\u00e1 una cookie adicional en tu navegador. Esta cookie no incluye datos personales y simplemente indica el ID de publicaci\u00f3n del art\u00edculo que acab\u00e1s de editar. Caduca despu\u00e9s de 1 d\u00eda.<\/p>\r\n<!-- \/wp:paragraph -->\r\n<!-- wp:heading -->\r\n<h2 class=\"wp-block-heading\">Contenido embebido desde otros sitios web<\/h2>\r\n<!-- \/wp:heading -->\r\n<!-- wp:paragraph -->\r\n<p><strong class=\"privacy-policy-tutorial\">Texto sugerido: <\/strong>Los art\u00edculos en este sitio pueden incluir contenido incrustado (por ejemplo, videos, im\u00e1genes, art\u00edculos, etc.). El contenido incrustado de otros sitios web se comporta de la misma manera que si el visitante hubiera visitado el otro sitio web.<\/p>\r\n<!-- \/wp:paragraph -->\r\n<!-- wp:paragraph -->\r\n<p>Estos sitios web pueden recopilar tus datos, utilizar cookies, incrustar un sistema de seguimiento de terceros y supervisar su interacci\u00f3n con ese contenido incrustado, incluyendo el rastreo de tu interacci\u00f3n con el contenido incrustado si ten\u00e9s una cuenta y est\u00e1s conectado a ese sitio web.<\/p>\r\n<!-- \/wp:paragraph -->\r\n<!-- wp:heading -->\r\n<h2 class=\"wp-block-heading\">Con qui\u00e9n compartimos datos<\/h2>\r\n<!-- \/wp:heading -->\r\n<!-- wp:paragraph -->\r\n<p><strong class=\"privacy-policy-tutorial\">Texto sugerido: <\/strong>Si solicit\u00e1s un restablecimiento de contrase\u00f1a, tu direcci\u00f3n IP ser\u00e1 incluida en el correo electr\u00f3nico de restablecimiento.<\/p>\r\n<!-- \/wp:paragraph -->\r\n<!-- wp:heading -->\r\n<h2 class=\"wp-block-heading\">Cu\u00e1nto tiempo guardamos tus datos<\/h2>\r\n<!-- \/wp:heading -->\r\n<!-- wp:paragraph -->\r\n<p><strong class=\"privacy-policy-tutorial\">Texto sugerido: <\/strong>Si dej\u00e1s un comentario, el comentario y sus metadatos se conservan indefinidamente. Esto es para que podamos reconocer y aprobar cualquier comentario de seguimiento de forma autom\u00e1tica en lugar de mantenerlos en una cola de moderaci\u00f3n.<\/p>\r\n<!-- \/wp:paragraph -->\r\n<!-- wp:paragraph -->\r\n<p>Para los usuarios que se registran en nuestro sitio web (si corresponde), tambi\u00e9n almacenamos la informaci\u00f3n personal que proporcionan en su perfil de usuario. Todos los usuarios pueden ver, editar o eliminar su informaci\u00f3n personal en cualquier momento (excepto que no pueden cambiar su nombre de usuario). Los administradores del sitio web tambi\u00e9n pueden ver y editar esa informaci\u00f3n.<\/p>\r\n<!-- \/wp:paragraph -->\r\n<!-- wp:heading -->\r\n<h2 class=\"wp-block-heading\">Qu\u00e9 derechos ten\u00e9s sobre tus datos<\/h2>\r\n<!-- \/wp:heading -->\r\n<!-- wp:paragraph -->\r\n<p><strong class=\"privacy-policy-tutorial\">Texto sugerido: <\/strong>Si ten\u00e9s una cuenta en este sitio o has dejado comentarios, pod\u00e9s solicitar un archivo exportado de los datos personales tuyos que tenemos, incluidos los datos que nos hayas proporcionado. Tambi\u00e9n pod\u00e9s solicitar que borremos cualquier dato personal tuyo que tengamos. Esto no incluye datos que estamos obligados a mantener para fines administrativos, legales o de seguridad.<\/p>\r\n<!-- \/wp:paragraph -->\r\n<!-- wp:heading -->\r\n<h2 class=\"wp-block-heading\">D\u00f3nde se env\u00edan tus datos<\/h2>\r\n<!-- \/wp:heading -->\r\n<!-- wp:paragraph -->\r\n<p><strong class=\"privacy-policy-tutorial\">Texto sugerido: <\/strong>Los comentarios de los visitantes se pueden verificar a trav\u00e9s de un servicio autom\u00e1tico de detecci\u00f3n de spam.<\/p>\r\n<!-- \/wp:paragraph -->\r\n","_et_gb_content_width":"","footnotes":""},"class_list":["post-2278","page","type-page","status-publish","hentry"],"_links":{"self":[{"href":"https:\/\/cbkexpat.com\/index.php\/wp-json\/wp\/v2\/pages\/2278","targetHints":{"allow":["GET"]}}],"collection":[{"href":"https:\/\/cbkexpat.com\/index.php\/wp-json\/wp\/v2\/pages"}],"about":[{"href":"https:\/\/cbkexpat.com\/index.php\/wp-json\/wp\/v2\/types\/page"}],"author":[{"embeddable":true,"href":"https:\/\/cbkexpat.com\/index.php\/wp-json\/wp\/v2\/users\/1"}],"replies":[{"embeddable":true,"href":"https:\/\/cbkexpat.com\/index.php\/wp-json\/wp\/v2\/comments?post=2278"}],"version-history":[{"count":1,"href":"https:\/\/cbkexpat.com\/index.php\/wp-json\/wp\/v2\/pages\/2278\/revisions"}],"predecessor-version":[{"id":2279,"href":"https:\/\/cbkexpat.com\/index.php\/wp-json\/wp\/v2\/pages\/2278\/revisions\/2279"}],"wp:attachment":[{"href":"https:\/\/cbkexpat.com\/index.php\/wp-json\/wp\/v2\/media?parent=2278"}],"curies":[{"name":"wp","href":"https:\/\/api.w.org\/{rel}","templated":true}]}}